{"id":22036,"date":"2024-11-20T22:33:47","date_gmt":"2024-11-20T22:33:47","guid":{"rendered":"https:\/\/alpin-development.getunik.dev\/?page_id=22036"},"modified":"2024-11-21T13:32:19","modified_gmt":"2024-11-21T13:32:19","slug":"sous-enchere-sociale","status":"publish","type":"page","link":"https:\/\/alpin-development.getunik.dev\/fr\/themes\/sous-enchere-sociale\/","title":{"rendered":"Sous-ench\u00e8re sociale"},"content":{"rendered":"","protected":false},"excerpt":{"rendered":"","protected":false},"author":30,"featured_media":0,"parent":20503,"menu_order":0,"comment_status":"closed","ping_status":"closed","template":"","meta":{"_acf_changed":false,"_seopress_robots_primary_cat":"","_seopress_titles_title":"Sous-ench\u00e8re sociale chez les chauffeurs","_seopress_titles_desc":"Une concurrence d\u00e9loyale fait rage dans le trafic de marchandises international au d\u00e9triment de la sant\u00e9 des chauffeurs et de la s\u00e9curit\u00e9 sur les routes.","_seopress_robots_index":"","footnotes":""},"wf_page_folders":[86,134],"class_list":["post-22036","page","type-page","status-publish","hentry"],"acf":[],"_links":{"self":[{"href":"https:\/\/alpin-development.getunik.dev\/fr\/wp-json\/wp\/v2\/pages\/22036","targetHints":{"allow":["GET"]}}],"collection":[{"href":"https:\/\/alpin-development.getunik.dev\/fr\/wp-json\/wp\/v2\/pages"}],"about":[{"href":"https:\/\/alpin-development.getunik.dev\/fr\/wp-json\/wp\/v2\/types\/page"}],"author":[{"embeddable":true,"href":"https:\/\/alpin-development.getunik.dev\/fr\/wp-json\/wp\/v2\/users\/30"}],"replies":[{"embeddable":true,"href":"https:\/\/alpin-development.getunik.dev\/fr\/wp-json\/wp\/v2\/comments?post=22036"}],"version-history":[{"count":3,"href":"https:\/\/alpin-development.getunik.dev\/fr\/wp-json\/wp\/v2\/pages\/22036\/revisions"}],"predecessor-version":[{"id":22116,"href":"https:\/\/alpin-development.getunik.dev\/fr\/wp-json\/wp\/v2\/pages\/22036\/revisions\/22116"}],"up":[{"embeddable":true,"href":"https:\/\/alpin-development.getunik.dev\/fr\/wp-json\/wp\/v2\/pages\/20503"}],"wp:attachment":[{"href":"https:\/\/alpin-development.getunik.dev\/fr\/wp-json\/wp\/v2\/media?parent=22036"}],"wp:term":[{"taxonomy":"wf_page_folders","embeddable":true,"href":"https:\/\/alpin-development.getunik.dev\/fr\/wp-json\/wp\/v2\/wf_page_folders?post=22036"}],"curies":[{"name":"wp","href":"https:\/\/api.w.org\/{rel}","templated":true}]}}