{"id":22027,"date":"2024-11-20T22:07:05","date_gmt":"2024-11-20T22:07:05","guid":{"rendered":"https:\/\/alpin-development.getunik.dev\/?page_id=22027"},"modified":"2024-11-20T22:16:27","modified_gmt":"2024-11-20T22:16:27","slug":"rplp","status":"publish","type":"page","link":"https:\/\/alpin-development.getunik.dev\/fr\/themes\/rplp\/","title":{"rendered":"La RPLP"},"content":{"rendered":"","protected":false},"excerpt":{"rendered":"","protected":false},"author":30,"featured_media":0,"parent":20503,"menu_order":0,"comment_status":"closed","ping_status":"closed","template":"","meta":{"_acf_changed":false,"_seopress_robots_primary_cat":"","_seopress_titles_title":"La RPLP","_seopress_titles_desc":"La redevance sur le trafic des poids lourds li\u00e9e aux prestations (RPLP) est un \u00e9l\u00e9ment cl\u00e9 de la politique de transfert. Toutefois, elle n\u00e9cessite des adaptations.","_seopress_robots_index":"","footnotes":""},"wf_page_folders":[86,134],"class_list":["post-22027","page","type-page","status-publish","hentry"],"acf":[],"_links":{"self":[{"href":"https:\/\/alpin-development.getunik.dev\/fr\/wp-json\/wp\/v2\/pages\/22027","targetHints":{"allow":["GET"]}}],"collection":[{"href":"https:\/\/alpin-development.getunik.dev\/fr\/wp-json\/wp\/v2\/pages"}],"about":[{"href":"https:\/\/alpin-development.getunik.dev\/fr\/wp-json\/wp\/v2\/types\/page"}],"author":[{"embeddable":true,"href":"https:\/\/alpin-development.getunik.dev\/fr\/wp-json\/wp\/v2\/users\/30"}],"replies":[{"embeddable":true,"href":"https:\/\/alpin-development.getunik.dev\/fr\/wp-json\/wp\/v2\/comments?post=22027"}],"version-history":[{"count":1,"href":"https:\/\/alpin-development.getunik.dev\/fr\/wp-json\/wp\/v2\/pages\/22027\/revisions"}],"predecessor-version":[{"id":22030,"href":"https:\/\/alpin-development.getunik.dev\/fr\/wp-json\/wp\/v2\/pages\/22027\/revisions\/22030"}],"up":[{"embeddable":true,"href":"https:\/\/alpin-development.getunik.dev\/fr\/wp-json\/wp\/v2\/pages\/20503"}],"wp:attachment":[{"href":"https:\/\/alpin-development.getunik.dev\/fr\/wp-json\/wp\/v2\/media?parent=22027"}],"wp:term":[{"taxonomy":"wf_page_folders","embeddable":true,"href":"https:\/\/alpin-development.getunik.dev\/fr\/wp-json\/wp\/v2\/wf_page_folders?post=22027"}],"curies":[{"name":"wp","href":"https:\/\/api.w.org\/{rel}","templated":true}]}}