{"id":19432,"date":"2024-11-16T20:26:51","date_gmt":"2024-11-16T20:26:51","guid":{"rendered":"https:\/\/www.proalps.ch\/?page_id=19432"},"modified":"2024-11-19T09:15:48","modified_gmt":"2024-11-19T09:15:48","slug":"adhesion-a-l-essai","status":"publish","type":"page","link":"https:\/\/alpin-development.getunik.dev\/fr\/agir\/adhesion-a-l-essai\/","title":{"rendered":"Membre \u00e0 l\u2019essai"},"content":{"rendered":"","protected":false},"excerpt":{"rendered":"","protected":false},"author":30,"featured_media":0,"parent":20563,"menu_order":0,"comment_status":"closed","ping_status":"closed","template":"","meta":{"_acf_changed":false,"_seopress_robots_primary_cat":"","_seopress_titles_title":"Membre \u00e0 l\u2019essai I Pro Alps","_seopress_titles_desc":"Devenez membre \u00e0 l\u2019essai de Pro Alps. Vous aurez un aper\u00e7u de notre travail, serez inform\u00e9-es sur les nouveaut\u00e9s et pourrez participer \u00e0 des \u00e9v\u00e9nements conviviaux et \u00e0 des randonn\u00e9es.","_seopress_robots_index":"","footnotes":""},"wf_page_folders":[135,86],"class_list":["post-19432","page","type-page","status-publish","hentry"],"acf":[],"_links":{"self":[{"href":"https:\/\/alpin-development.getunik.dev\/fr\/wp-json\/wp\/v2\/pages\/19432","targetHints":{"allow":["GET"]}}],"collection":[{"href":"https:\/\/alpin-development.getunik.dev\/fr\/wp-json\/wp\/v2\/pages"}],"about":[{"href":"https:\/\/alpin-development.getunik.dev\/fr\/wp-json\/wp\/v2\/types\/page"}],"author":[{"embeddable":true,"href":"https:\/\/alpin-development.getunik.dev\/fr\/wp-json\/wp\/v2\/users\/30"}],"replies":[{"embeddable":true,"href":"https:\/\/alpin-development.getunik.dev\/fr\/wp-json\/wp\/v2\/comments?post=19432"}],"version-history":[{"count":2,"href":"https:\/\/alpin-development.getunik.dev\/fr\/wp-json\/wp\/v2\/pages\/19432\/revisions"}],"predecessor-version":[{"id":21468,"href":"https:\/\/alpin-development.getunik.dev\/fr\/wp-json\/wp\/v2\/pages\/19432\/revisions\/21468"}],"up":[{"embeddable":true,"href":"https:\/\/alpin-development.getunik.dev\/fr\/wp-json\/wp\/v2\/pages\/20563"}],"wp:attachment":[{"href":"https:\/\/alpin-development.getunik.dev\/fr\/wp-json\/wp\/v2\/media?parent=19432"}],"wp:term":[{"taxonomy":"wf_page_folders","embeddable":true,"href":"https:\/\/alpin-development.getunik.dev\/fr\/wp-json\/wp\/v2\/wf_page_folders?post=19432"}],"curies":[{"name":"wp","href":"https:\/\/api.w.org\/{rel}","templated":true}]}}