{"id":19422,"date":"2024-11-16T20:03:59","date_gmt":"2024-11-16T20:03:59","guid":{"rendered":"https:\/\/www.proalps.ch\/?page_id=19422"},"modified":"2024-11-18T19:38:29","modified_gmt":"2024-11-18T19:38:29","slug":"dons-de-condoleances","status":"publish","type":"page","link":"https:\/\/alpin-development.getunik.dev\/fr\/agir\/dons-de-condoleances\/","title":{"rendered":"Dons de condol\u00e9ances"},"content":{"rendered":"","protected":false},"excerpt":{"rendered":"","protected":false},"author":30,"featured_media":0,"parent":20563,"menu_order":0,"comment_status":"closed","ping_status":"closed","template":"","meta":{"_acf_changed":false,"_seopress_robots_primary_cat":"","_seopress_titles_title":"Dons de condol\u00e9ances I Pro Alps","_seopress_titles_desc":"Les dons de condol\u00e9ances en faveur de Pro Alps contribuent \u00e0 prot\u00e9ger de mani\u00e8re durable l\u2019espace de vie que sont les Alpes et \u00e0 prodiguer confiance et espoir.","_seopress_robots_index":"","footnotes":""},"wf_page_folders":[135,86],"class_list":["post-19422","page","type-page","status-publish","hentry"],"acf":[],"_links":{"self":[{"href":"https:\/\/alpin-development.getunik.dev\/fr\/wp-json\/wp\/v2\/pages\/19422","targetHints":{"allow":["GET"]}}],"collection":[{"href":"https:\/\/alpin-development.getunik.dev\/fr\/wp-json\/wp\/v2\/pages"}],"about":[{"href":"https:\/\/alpin-development.getunik.dev\/fr\/wp-json\/wp\/v2\/types\/page"}],"author":[{"embeddable":true,"href":"https:\/\/alpin-development.getunik.dev\/fr\/wp-json\/wp\/v2\/users\/30"}],"replies":[{"embeddable":true,"href":"https:\/\/alpin-development.getunik.dev\/fr\/wp-json\/wp\/v2\/comments?post=19422"}],"version-history":[{"count":3,"href":"https:\/\/alpin-development.getunik.dev\/fr\/wp-json\/wp\/v2\/pages\/19422\/revisions"}],"predecessor-version":[{"id":20993,"href":"https:\/\/alpin-development.getunik.dev\/fr\/wp-json\/wp\/v2\/pages\/19422\/revisions\/20993"}],"up":[{"embeddable":true,"href":"https:\/\/alpin-development.getunik.dev\/fr\/wp-json\/wp\/v2\/pages\/20563"}],"wp:attachment":[{"href":"https:\/\/alpin-development.getunik.dev\/fr\/wp-json\/wp\/v2\/media?parent=19422"}],"wp:term":[{"taxonomy":"wf_page_folders","embeddable":true,"href":"https:\/\/alpin-development.getunik.dev\/fr\/wp-json\/wp\/v2\/wf_page_folders?post=19422"}],"curies":[{"name":"wp","href":"https:\/\/api.w.org\/{rel}","templated":true}]}}