{"id":19308,"date":"2024-11-16T15:30:43","date_gmt":"2024-11-16T15:30:43","guid":{"rendered":"https:\/\/www.proalps.ch\/?page_id=19308"},"modified":"2024-11-19T11:34:52","modified_gmt":"2024-11-19T11:34:52","slug":"transports-dangereuses","status":"publish","type":"page","link":"https:\/\/alpin-development.getunik.dev\/fr\/themes\/transports-dangereuses\/","title":{"rendered":"Transports de marchandises dangereuses"},"content":{"rendered":"","protected":false},"excerpt":{"rendered":"","protected":false},"author":30,"featured_media":0,"parent":20503,"menu_order":0,"comment_status":"closed","ping_status":"closed","template":"","meta":{"_acf_changed":false,"_seopress_robots_primary_cat":"","_seopress_titles_title":"Transports de marchandises dangereuses","_seopress_titles_desc":"Il faut transf\u00e9rer les transports de marchandises dangereuses par les cols alpins au rail plus s\u00fbr car elles sont un p\u00e9ril pour l\u2019\u00eatre humain et la nature !","_seopress_robots_index":"","footnotes":""},"wf_page_folders":[86,134],"class_list":["post-19308","page","type-page","status-publish","hentry"],"acf":[],"_links":{"self":[{"href":"https:\/\/alpin-development.getunik.dev\/fr\/wp-json\/wp\/v2\/pages\/19308","targetHints":{"allow":["GET"]}}],"collection":[{"href":"https:\/\/alpin-development.getunik.dev\/fr\/wp-json\/wp\/v2\/pages"}],"about":[{"href":"https:\/\/alpin-development.getunik.dev\/fr\/wp-json\/wp\/v2\/types\/page"}],"author":[{"embeddable":true,"href":"https:\/\/alpin-development.getunik.dev\/fr\/wp-json\/wp\/v2\/users\/30"}],"replies":[{"embeddable":true,"href":"https:\/\/alpin-development.getunik.dev\/fr\/wp-json\/wp\/v2\/comments?post=19308"}],"version-history":[{"count":5,"href":"https:\/\/alpin-development.getunik.dev\/fr\/wp-json\/wp\/v2\/pages\/19308\/revisions"}],"predecessor-version":[{"id":21672,"href":"https:\/\/alpin-development.getunik.dev\/fr\/wp-json\/wp\/v2\/pages\/19308\/revisions\/21672"}],"up":[{"embeddable":true,"href":"https:\/\/alpin-development.getunik.dev\/fr\/wp-json\/wp\/v2\/pages\/20503"}],"wp:attachment":[{"href":"https:\/\/alpin-development.getunik.dev\/fr\/wp-json\/wp\/v2\/media?parent=19308"}],"wp:term":[{"taxonomy":"wf_page_folders","embeddable":true,"href":"https:\/\/alpin-development.getunik.dev\/fr\/wp-json\/wp\/v2\/wf_page_folders?post=19308"}],"curies":[{"name":"wp","href":"https:\/\/api.w.org\/{rel}","templated":true}]}}