{"id":19046,"date":"2024-11-15T18:03:51","date_gmt":"2024-11-15T18:03:51","guid":{"rendered":"https:\/\/www.proalps.ch\/?page_id=19046"},"modified":"2024-11-21T12:34:21","modified_gmt":"2024-11-21T12:34:21","slug":"decouvrir-les-alpes","status":"publish","type":"page","link":"https:\/\/alpin-development.getunik.dev\/fr\/decouvrir-les-alpes\/","title":{"rendered":"D\u00e9couvrez les Alpes avec nous"},"content":{"rendered":"","protected":false},"excerpt":{"rendered":"","protected":false},"author":30,"featured_media":0,"parent":0,"menu_order":0,"comment_status":"closed","ping_status":"closed","template":"","meta":{"_acf_changed":false,"_seopress_robots_primary_cat":"","_seopress_titles_title":"D\u00e9couvrez les Alpes avec nous","_seopress_titles_desc":"Pro Alps vous fait d\u00e9couvrir les r\u00e9gions alpines en vous proposant des produits r\u00e9gionaux et des randonn\u00e9es.","_seopress_robots_index":"","footnotes":""},"wf_page_folders":[136,86],"class_list":["post-19046","page","type-page","status-publish","hentry"],"acf":[],"_links":{"self":[{"href":"https:\/\/alpin-development.getunik.dev\/fr\/wp-json\/wp\/v2\/pages\/19046","targetHints":{"allow":["GET"]}}],"collection":[{"href":"https:\/\/alpin-development.getunik.dev\/fr\/wp-json\/wp\/v2\/pages"}],"about":[{"href":"https:\/\/alpin-development.getunik.dev\/fr\/wp-json\/wp\/v2\/types\/page"}],"author":[{"embeddable":true,"href":"https:\/\/alpin-development.getunik.dev\/fr\/wp-json\/wp\/v2\/users\/30"}],"replies":[{"embeddable":true,"href":"https:\/\/alpin-development.getunik.dev\/fr\/wp-json\/wp\/v2\/comments?post=19046"}],"version-history":[{"count":8,"href":"https:\/\/alpin-development.getunik.dev\/fr\/wp-json\/wp\/v2\/pages\/19046\/revisions"}],"predecessor-version":[{"id":22098,"href":"https:\/\/alpin-development.getunik.dev\/fr\/wp-json\/wp\/v2\/pages\/19046\/revisions\/22098"}],"wp:attachment":[{"href":"https:\/\/alpin-development.getunik.dev\/fr\/wp-json\/wp\/v2\/media?parent=19046"}],"wp:term":[{"taxonomy":"wf_page_folders","embeddable":true,"href":"https:\/\/alpin-development.getunik.dev\/fr\/wp-json\/wp\/v2\/wf_page_folders?post=19046"}],"curies":[{"name":"wp","href":"https:\/\/api.w.org\/{rel}","templated":true}]}}