{"id":18926,"date":"2024-11-14T19:56:19","date_gmt":"2024-11-14T19:56:19","guid":{"rendered":"https:\/\/www.proalps.ch\/?page_id=18926"},"modified":"2024-11-21T15:17:39","modified_gmt":"2024-11-21T15:17:39","slug":"notre-travail","status":"publish","type":"page","link":"https:\/\/alpin-development.getunik.dev\/fr\/notre-travail\/","title":{"rendered":"Notre travail"},"content":{"rendered":"","protected":false},"excerpt":{"rendered":"","protected":false},"author":30,"featured_media":0,"parent":0,"menu_order":0,"comment_status":"closed","ping_status":"closed","template":"","meta":{"_acf_changed":false,"_seopress_robots_primary_cat":"","_seopress_titles_title":"Notre engagement pour des Alpes o\u00f9 il fait bon vivre","_seopress_titles_desc":"Pro Alps s\u2019engage pour une politique des transports durable afin de prot\u00e9ger le fragile \u00e9cosyst\u00e8me alpin et de pr\u00e9server les Alpes en tant qu\u2019espace vital.","_seopress_robots_index":"","footnotes":""},"wf_page_folders":[86,134],"class_list":["post-18926","page","type-page","status-publish","hentry"],"acf":[],"_links":{"self":[{"href":"https:\/\/alpin-development.getunik.dev\/fr\/wp-json\/wp\/v2\/pages\/18926","targetHints":{"allow":["GET"]}}],"collection":[{"href":"https:\/\/alpin-development.getunik.dev\/fr\/wp-json\/wp\/v2\/pages"}],"about":[{"href":"https:\/\/alpin-development.getunik.dev\/fr\/wp-json\/wp\/v2\/types\/page"}],"author":[{"embeddable":true,"href":"https:\/\/alpin-development.getunik.dev\/fr\/wp-json\/wp\/v2\/users\/30"}],"replies":[{"embeddable":true,"href":"https:\/\/alpin-development.getunik.dev\/fr\/wp-json\/wp\/v2\/comments?post=18926"}],"version-history":[{"count":11,"href":"https:\/\/alpin-development.getunik.dev\/fr\/wp-json\/wp\/v2\/pages\/18926\/revisions"}],"predecessor-version":[{"id":22153,"href":"https:\/\/alpin-development.getunik.dev\/fr\/wp-json\/wp\/v2\/pages\/18926\/revisions\/22153"}],"wp:attachment":[{"href":"https:\/\/alpin-development.getunik.dev\/fr\/wp-json\/wp\/v2\/media?parent=18926"}],"wp:term":[{"taxonomy":"wf_page_folders","embeddable":true,"href":"https:\/\/alpin-development.getunik.dev\/fr\/wp-json\/wp\/v2\/wf_page_folders?post=18926"}],"curies":[{"name":"wp","href":"https:\/\/api.w.org\/{rel}","templated":true}]}}