{"id":16554,"date":"2024-11-12T11:30:28","date_gmt":"2024-11-12T11:30:28","guid":{"rendered":"https:\/\/www.proalps.ch\/?page_id=16554"},"modified":"2024-11-28T11:36:46","modified_gmt":"2024-11-28T11:36:46","slug":"home","status":"publish","type":"page","link":"https:\/\/alpin-development.getunik.dev\/fr\/","title":{"rendered":"Home"},"content":{"rendered":"","protected":false},"excerpt":{"rendered":"","protected":false},"author":27,"featured_media":0,"parent":0,"menu_order":0,"comment_status":"closed","ping_status":"closed","template":"","meta":{"_acf_changed":false,"_seopress_robots_primary_cat":"","_seopress_titles_title":"Pro Alps : les Alpes ont besoin de votre soutien","_seopress_titles_desc":"Pro Alps s\u2019engage pour une politique des transports durable afin de prot\u00e9ger le fragile \u00e9cosyst\u00e8me des Alpes et de pr\u00e9server ces r\u00e9gions en tant qu\u2019espace vital.","_seopress_robots_index":"","footnotes":""},"wf_page_folders":[86],"class_list":["post-16554","page","type-page","status-publish","hentry"],"acf":[],"_links":{"self":[{"href":"https:\/\/alpin-development.getunik.dev\/fr\/wp-json\/wp\/v2\/pages\/16554","targetHints":{"allow":["GET"]}}],"collection":[{"href":"https:\/\/alpin-development.getunik.dev\/fr\/wp-json\/wp\/v2\/pages"}],"about":[{"href":"https:\/\/alpin-development.getunik.dev\/fr\/wp-json\/wp\/v2\/types\/page"}],"author":[{"embeddable":true,"href":"https:\/\/alpin-development.getunik.dev\/fr\/wp-json\/wp\/v2\/users\/27"}],"replies":[{"embeddable":true,"href":"https:\/\/alpin-development.getunik.dev\/fr\/wp-json\/wp\/v2\/comments?post=16554"}],"version-history":[{"count":17,"href":"https:\/\/alpin-development.getunik.dev\/fr\/wp-json\/wp\/v2\/pages\/16554\/revisions"}],"predecessor-version":[{"id":22418,"href":"https:\/\/alpin-development.getunik.dev\/fr\/wp-json\/wp\/v2\/pages\/16554\/revisions\/22418"}],"wp:attachment":[{"href":"https:\/\/alpin-development.getunik.dev\/fr\/wp-json\/wp\/v2\/media?parent=16554"}],"wp:term":[{"taxonomy":"wf_page_folders","embeddable":true,"href":"https:\/\/alpin-development.getunik.dev\/fr\/wp-json\/wp\/v2\/wf_page_folders?post=16554"}],"curies":[{"name":"wp","href":"https:\/\/api.w.org\/{rel}","templated":true}]}}