{"id":13204,"date":"2024-10-08T09:52:24","date_gmt":"2024-10-08T09:52:24","guid":{"rendered":"https:\/\/alpin-development.getunik.dev\/?page_id=13204"},"modified":"2024-11-20T15:47:39","modified_gmt":"2024-11-20T15:47:39","slug":"qui-sommes-nous","status":"publish","type":"page","link":"https:\/\/alpin-development.getunik.dev\/fr\/qui-sommes-nous\/","title":{"rendered":"Qui sommes-nous"},"content":{"rendered":"","protected":false},"excerpt":{"rendered":"","protected":false},"author":27,"featured_media":0,"parent":0,"menu_order":0,"comment_status":"closed","ping_status":"closed","template":"","meta":{"_acf_changed":false,"_seopress_robots_primary_cat":"","_seopress_titles_title":"Qui sommes-nous %%sep%% %%sitetitle%%","_seopress_titles_desc":"Nous nous engageons pour une politique des transports durable afin de prot\u00e9ger le fragile \u00e9cosyst\u00e8me alpin et de pr\u00e9server les Alpes en tant qu\u2019espace de vie.","_seopress_robots_index":"","footnotes":""},"wf_page_folders":[86],"class_list":["post-13204","page","type-page","status-publish","hentry"],"acf":[],"_links":{"self":[{"href":"https:\/\/alpin-development.getunik.dev\/fr\/wp-json\/wp\/v2\/pages\/13204","targetHints":{"allow":["GET"]}}],"collection":[{"href":"https:\/\/alpin-development.getunik.dev\/fr\/wp-json\/wp\/v2\/pages"}],"about":[{"href":"https:\/\/alpin-development.getunik.dev\/fr\/wp-json\/wp\/v2\/types\/page"}],"author":[{"embeddable":true,"href":"https:\/\/alpin-development.getunik.dev\/fr\/wp-json\/wp\/v2\/users\/27"}],"replies":[{"embeddable":true,"href":"https:\/\/alpin-development.getunik.dev\/fr\/wp-json\/wp\/v2\/comments?post=13204"}],"version-history":[{"count":19,"href":"https:\/\/alpin-development.getunik.dev\/fr\/wp-json\/wp\/v2\/pages\/13204\/revisions"}],"predecessor-version":[{"id":21983,"href":"https:\/\/alpin-development.getunik.dev\/fr\/wp-json\/wp\/v2\/pages\/13204\/revisions\/21983"}],"wp:attachment":[{"href":"https:\/\/alpin-development.getunik.dev\/fr\/wp-json\/wp\/v2\/media?parent=13204"}],"wp:term":[{"taxonomy":"wf_page_folders","embeddable":true,"href":"https:\/\/alpin-development.getunik.dev\/fr\/wp-json\/wp\/v2\/wf_page_folders?post=13204"}],"curies":[{"name":"wp","href":"https:\/\/api.w.org\/{rel}","templated":true}]}}